{"id":25,"date":"2025-12-11T14:29:21","date_gmt":"2025-12-11T14:29:21","guid":{"rendered":"https:\/\/evmobili.com\/?page_id=25"},"modified":"2025-12-11T21:33:32","modified_gmt":"2025-12-11T21:33:32","slug":"iletisim","status":"publish","type":"page","link":"https:\/\/evmobili.com\/fr\/iletisim\/","title":{"rendered":"\u0130leti\u015fim"},"content":{"rendered":"<div class=\"wpb-content-wrapper\"><div class=\"vc_row wpb_row vc_row-fluid vc_custom_1765488623356 vc_row-has-fill vc_column-gap-30 vc_row-o-content-middle vc_row-flex wd-rs-693b37eadfe41\"><div class=\"wpb_column vc_column_container vc_col-sm-6\"><div class=\"vc_column-inner\"><div class=\"wpb_wrapper\">\n\t<div class=\"wpb_text_column wpb_content_element\" id=\"iletisim-text\">\n\t\t<div class=\"wpb_wrapper\">\n\t\t\t<div style=\"font-family: Arial,Helvetica,sans-serif; max-width: 600px;\">\n<h1 style=\"margin: 0 0 8px;\">\u0130leti\u015fim Bilgileri<\/h1>\n<p>&nbsp;<\/p>\n<p><!-- T\u00fcrkiye numaras\u0131 --><\/p>\n<ul style=\"list-style: none; padding: 0; margin: 0;\">\n<li style=\"list-style-type: none;\">\n<ul style=\"list-style: none; padding: 0; margin: 0;\">\n<li style=\"display: flex; align-items: center; gap: 10px; margin: 10px 0;\"><img decoding=\"async\" style=\"width: 25px; height: 25px;\" src=\"https:\/\/evmobili.com\/wp-content\/uploads\/2025\/12\/phone.svg\" alt=\"Phone\" \/><br \/>\n<img decoding=\"async\" style=\"width: 25px; height: auto;\" src=\"https:\/\/evmobili.com\/wp-content\/uploads\/2025\/12\/Flag_of_Turkey.svg.png\" alt=\"TR\" \/><br \/>\n<a style=\"color: #111; text-decoration: none;\" href=\"tel:+905323084074\">+90 532 308 40 74<br \/>\n<\/a><\/li>\n<li><\/li>\n<\/ul>\n<\/li>\n<\/ul>\n<p><!-- Hollanda numaras\u0131 --><\/p>\n<ul style=\"list-style: none; padding: 0; margin: 0;\">\n<li style=\"list-style-type: none;\">\n<ul style=\"list-style: none; padding: 0; margin: 0;\">\n<li style=\"display: flex; align-items: center; gap: 10px; margin: 10px 0;\"><img decoding=\"async\" style=\"width: 25px; height: 25px;\" src=\"https:\/\/evmobili.com\/wp-content\/uploads\/2025\/12\/phone.svg\" alt=\"Phone\" \/><br \/>\n<img decoding=\"async\" style=\"width: 25px; height: auto;\" src=\"https:\/\/evmobili.com\/wp-content\/uploads\/2025\/12\/Flag_of_the_Netherlands.svg.png\" alt=\"NL\" \/><br \/>\n<a style=\"color: #111; text-decoration: none;\" href=\"tel:+31615437770\">+31 6 15 43 77 70<\/a><\/li>\n<li style=\"display: flex; align-items: center; gap: 10px; margin: 10px 0;\"><\/li>\n<\/ul>\n<\/li>\n<\/ul>\n<p><!-- Mail --><\/p>\n<ul style=\"list-style: none; padding: 0; margin: 0;\">\n<li style=\"list-style-type: none;\"><\/li>\n<\/ul>\n<p><!-- Konum --><\/p>\n<ul style=\"list-style: none; padding: 0; margin: 0;\">\n<li style=\"display: flex; align-items: center; gap: 10px; margin: 10px 0;\"><img decoding=\"async\" style=\"width: 25px; height: 25px;\" src=\"https:\/\/evmobili.com\/wp-content\/uploads\/2025\/12\/map.svg\" alt=\"Location\" \/>Huzur Mah, 52. Sk, No:38, Porte int\u00e9rieure No:8, Bursa\/Inegol, 16400<\/li>\n<\/ul>\n<\/div>\n\n\t\t<\/div>\n\t<\/div>\n<\/div><\/div><\/div><div class=\"wpb_column vc_column_container vc_col-sm-6 wd-rs-693b37ccbcf7b\"><div class=\"vc_column-inner\"><div class=\"wpb_wrapper\">\n\t<div id=\"iletisim-foto\" class=\"wpb_single_image wpb_content_element vc_align_left\">\n\t\t\n\t\t<figure class=\"wpb_wrapper vc_figure\">\n\t\t\t<div class=\"vc_single_image-wrapper   vc_box_border_grey\"><img loading=\"lazy\" decoding=\"async\" width=\"600\" height=\"413\" src=\"https:\/\/evmobili.com\/wp-content\/uploads\/2025\/12\/alba-yemek-odasi-scaled-600x413_20251211205055_5007ad18.jpg\" class=\"vc_single_image-img attachment-full\" alt=\"\" title=\"alba-yemek-odasi-scaled-600x413_20251211205055_5007ad18.jpg\" srcset=\"https:\/\/evmobili.com\/wp-content\/uploads\/2025\/12\/alba-yemek-odasi-scaled-600x413_20251211205055_5007ad18.jpg 600w, https:\/\/evmobili.com\/wp-content\/uploads\/2025\/12\/alba-yemek-odasi-scaled-600x413_20251211205055_5007ad18-150x103.jpg 150w\" sizes=\"auto, (max-width: 600px) 100vw, 600px\" \/><\/div>\n\t\t<\/figure>\n\t<\/div>\n<\/div><\/div><\/div><\/div>\n<\/div>","protected":false},"excerpt":{"rendered":"\u0130leti\u015fim Bilgileri &nbsp; +90 532 308 40 74 +31 6 15 43 77 70 Huzur Mah, 52. Sk, No:38, \u0130\u00e7","protected":false},"author":2,"featured_media":0,"parent":0,"menu_order":0,"comment_status":"closed","ping_status":"closed","template":"","meta":{"footnotes":""},"class_list":["post-25","page","type-page","status-publish","hentry"],"_links":{"self":[{"href":"https:\/\/evmobili.com\/fr\/wp-json\/wp\/v2\/pages\/25","targetHints":{"allow":["GET"]}}],"collection":[{"href":"https:\/\/evmobili.com\/fr\/wp-json\/wp\/v2\/pages"}],"about":[{"href":"https:\/\/evmobili.com\/fr\/wp-json\/wp\/v2\/types\/page"}],"author":[{"embeddable":true,"href":"https:\/\/evmobili.com\/fr\/wp-json\/wp\/v2\/users\/2"}],"replies":[{"embeddable":true,"href":"https:\/\/evmobili.com\/fr\/wp-json\/wp\/v2\/comments?post=25"}],"version-history":[{"count":18,"href":"https:\/\/evmobili.com\/fr\/wp-json\/wp\/v2\/pages\/25\/revisions"}],"predecessor-version":[{"id":899,"href":"https:\/\/evmobili.com\/fr\/wp-json\/wp\/v2\/pages\/25\/revisions\/899"}],"wp:attachment":[{"href":"https:\/\/evmobili.com\/fr\/wp-json\/wp\/v2\/media?parent=25"}],"curies":[{"name":"wp","href":"https:\/\/api.w.org\/{rel}","templated":true}]}}