{"id":23,"date":"2025-12-11T14:29:16","date_gmt":"2025-12-11T14:29:16","guid":{"rendered":"https:\/\/evmobili.com\/?page_id=23"},"modified":"2025-12-11T19:59:14","modified_gmt":"2025-12-11T19:59:14","slug":"hakkimizda","status":"publish","type":"page","link":"https:\/\/evmobili.com\/fr\/hakkimizda\/","title":{"rendered":"\u00c0 propos de nous"},"content":{"rendered":"<div class=\"wpb-content-wrapper\"><div class=\"vc_row wpb_row vc_row-fluid\"><div class=\"wpb_column vc_column_container vc_col-sm-12\"><div class=\"vc_column-inner\"><div class=\"wpb_wrapper\">\n\t<div class=\"wpb_text_column wpb_content_element wpb_animate_when_almost_visible wpb_fadeIn fadeIn text-larger\" >\n\t\t<div class=\"wpb_wrapper\">\n\t\t\t<h2 style=\"text-align: center;\" data-start=\"827\" data-end=\"1190\">\u00c0 PROPOS DE NOUS<\/h2>\n<p style=\"text-align: center;\" data-start=\"827\" data-end=\"1190\">Avec des ann\u00e9es d'exp\u00e9rience et une vision innovante, Ev Mobili poursuit son voyage avec l'objectif de devenir l'une des principales marques qui viennent \u00e0 l'esprit lorsqu'il s'agit de confiance, de qualit\u00e9 et d'esth\u00e9tique dans l'industrie du meuble. Depuis le jour de notre cr\u00e9ation, nous avons adopt\u00e9 le principe de produire des solutions qui rendront les espaces de vie de nos clients plus fonctionnels, plus \u00e9l\u00e9gants et plus confortables en analysant correctement leurs besoins.<\/p>\n<p style=\"text-align: center;\" data-start=\"1192\" data-end=\"1595\">En tant qu'Ev Mobili, nous combinons nos designs aux lignes modernes avec des normes de production \u00e9lev\u00e9es ; nous cr\u00e9ons des produits qui seront utilis\u00e9s avec plaisir pendant de nombreuses ann\u00e9es gr\u00e2ce \u00e0 des mat\u00e9riaux durables, un travail m\u00e9ticuleux et des touches intemporelles. Nous consid\u00e9rons toujours la satisfaction du client comme notre priorit\u00e9 la plus importante, et nous veillons \u00e0 fournir un service rassurant \u00e0 chaque \u00e9tape, de l'avant-vente \u00e0 l'apr\u00e8s-vente.<\/p>\n<p style=\"text-align: center;\" data-start=\"1597\" data-end=\"1961\">Avec notre structure ouverte au d\u00e9veloppement continu, nous suivons de pr\u00e8s les innovations dans le secteur. Nous mettons constamment \u00e0 jour notre gamme de produits en combinant la technologie, les tendances et les attentes des utilisateurs. Notre \u00e9quipe d'experts travaillant au sein d'Ev Mobili a pour objectif d'offrir \u00e0 nos clients non seulement des meubles, mais aussi un style de vie, gr\u00e2ce \u00e0 des conseils appropri\u00e9s et \u00e0 une approche professionnelle.<\/p>\n<p style=\"text-align: center;\" data-start=\"1963\" data-end=\"2186\">Aujourd'hui, nous sommes fiers d'\u00eatre le choix de milliers de clients \u00e0 la recherche de solutions fonctionnelles pour leur maison et leur lieu de travail.<br data-start=\"2073\" data-end=\"2076\" \/>Nous continuons \u00e0 travailler pour toucher plus de personnes et ajouter de la valeur \u00e0 plus d'espaces de vie chaque jour.<\/p>\n<h3 style=\"text-align: center;\" data-start=\"2188\" data-end=\"2258\"><strong data-start=\"2188\" data-end=\"2258\">Mobilier de maison - Nous ajoutons de l'esth\u00e9tique, de la qualit\u00e9 et de la confiance \u00e0 vos espaces de vie.<\/strong><\/h3>\n\n\t\t<\/div>\n\t<\/div>\n<\/div><\/div><\/div><\/div><div class=\"vc_row wpb_row vc_row-fluid\"><div class=\"wpb_column vc_column_container vc_col-sm-4\"><div class=\"vc_column-inner\"><div class=\"wpb_wrapper\">\n\t<div  class=\"wpb_single_image wpb_content_element vc_align_left wpb_animate_when_almost_visible wpb_fadeInUp fadeInUp\">\n\t\t\n\t\t<figure class=\"wpb_wrapper vc_figure\">\n\t\t\t<div class=\"vc_single_image-wrapper   vc_box_border_grey\"><img loading=\"lazy\" decoding=\"async\" width=\"1600\" height=\"1066\" src=\"https:\/\/evmobili.com\/wp-content\/uploads\/2025\/12\/2024-01-14-31736_copy_20251211205232_1fdcf37d.jpg\" class=\"vc_single_image-img attachment-full\" alt=\"\" title=\"2024-01-14-31736_copy_20251211205232_1fdcf37d.jpg\" srcset=\"https:\/\/evmobili.com\/wp-content\/uploads\/2025\/12\/2024-01-14-31736_copy_20251211205232_1fdcf37d.jpg 1600w, https:\/\/evmobili.com\/wp-content\/uploads\/2025\/12\/2024-01-14-31736_copy_20251211205232_1fdcf37d-150x100.jpg 150w, https:\/\/evmobili.com\/wp-content\/uploads\/2025\/12\/2024-01-14-31736_copy_20251211205232_1fdcf37d-1200x800.jpg 1200w\" sizes=\"auto, (max-width: 1600px) 100vw, 1600px\" \/><\/div>\n\t\t<\/figure>\n\t<\/div>\n<\/div><\/div><\/div><div class=\"wpb_column vc_column_container vc_col-sm-4\"><div class=\"vc_column-inner\"><div class=\"wpb_wrapper\">\n\t<div  class=\"wpb_single_image wpb_content_element vc_align_left wpb_animate_when_almost_visible wpb_fadeInUp fadeInUp\">\n\t\t\n\t\t<figure class=\"wpb_wrapper vc_figure\">\n\t\t\t<div class=\"vc_single_image-wrapper   vc_box_border_grey\"><img loading=\"lazy\" decoding=\"async\" width=\"1600\" height=\"1200\" src=\"https:\/\/evmobili.com\/wp-content\/uploads\/2025\/12\/alba58835_20251211204825_89f9b35a.jpg\" class=\"vc_single_image-img attachment-full\" alt=\"\" title=\"alba58835_20251211204825_89f9b35a.jpg\" srcset=\"https:\/\/evmobili.com\/wp-content\/uploads\/2025\/12\/alba58835_20251211204825_89f9b35a.jpg 1600w, https:\/\/evmobili.com\/wp-content\/uploads\/2025\/12\/alba58835_20251211204825_89f9b35a-150x113.jpg 150w, https:\/\/evmobili.com\/wp-content\/uploads\/2025\/12\/alba58835_20251211204825_89f9b35a-1200x900.jpg 1200w\" sizes=\"auto, (max-width: 1600px) 100vw, 1600px\" \/><\/div>\n\t\t<\/figure>\n\t<\/div>\n<\/div><\/div><\/div><div class=\"wpb_column vc_column_container vc_col-sm-4\"><div class=\"vc_column-inner\"><div class=\"wpb_wrapper\">\n\t<div  class=\"wpb_single_image wpb_content_element vc_align_left wpb_animate_when_almost_visible wpb_fadeInUp fadeInUp\">\n\t\t\n\t\t<figure class=\"wpb_wrapper vc_figure\">\n\t\t\t<div class=\"vc_single_image-wrapper   vc_box_border_grey\"><img loading=\"lazy\" decoding=\"async\" width=\"1600\" height=\"1060\" src=\"https:\/\/evmobili.com\/wp-content\/uploads\/2025\/12\/1__21__20251211204757_8048c2ec.jpg\" class=\"vc_single_image-img attachment-full\" alt=\"\" title=\"1__21__20251211204757_8048c2ec.jpg\" srcset=\"https:\/\/evmobili.com\/wp-content\/uploads\/2025\/12\/1__21__20251211204757_8048c2ec.jpg 1600w, https:\/\/evmobili.com\/wp-content\/uploads\/2025\/12\/1__21__20251211204757_8048c2ec-150x99.jpg 150w, https:\/\/evmobili.com\/wp-content\/uploads\/2025\/12\/1__21__20251211204757_8048c2ec-1200x795.jpg 1200w\" sizes=\"auto, (max-width: 1600px) 100vw, 1600px\" \/><\/div>\n\t\t<\/figure>\n\t<\/div>\n<\/div><\/div><\/div><\/div>\n<\/div>","protected":false},"excerpt":{"rendered":"HAKKIMIZDA Y\u0131llar\u0131n tecr\u00fcbesi ve yenilik\u00e7i vizyonuyla Ev Mobili, mobilya sekt\u00f6r\u00fcnde g\u00fcven, kalite ve estetik denince akla gelen \u00f6nc\u00fc markalardan biri","protected":false},"author":2,"featured_media":0,"parent":0,"menu_order":0,"comment_status":"closed","ping_status":"closed","template":"","meta":{"footnotes":""},"class_list":["post-23","page","type-page","status-publish","hentry"],"_links":{"self":[{"href":"https:\/\/evmobili.com\/fr\/wp-json\/wp\/v2\/pages\/23","targetHints":{"allow":["GET"]}}],"collection":[{"href":"https:\/\/evmobili.com\/fr\/wp-json\/wp\/v2\/pages"}],"about":[{"href":"https:\/\/evmobili.com\/fr\/wp-json\/wp\/v2\/types\/page"}],"author":[{"embeddable":true,"href":"https:\/\/evmobili.com\/fr\/wp-json\/wp\/v2\/users\/2"}],"replies":[{"embeddable":true,"href":"https:\/\/evmobili.com\/fr\/wp-json\/wp\/v2\/comments?post=23"}],"version-history":[{"count":9,"href":"https:\/\/evmobili.com\/fr\/wp-json\/wp\/v2\/pages\/23\/revisions"}],"predecessor-version":[{"id":876,"href":"https:\/\/evmobili.com\/fr\/wp-json\/wp\/v2\/pages\/23\/revisions\/876"}],"wp:attachment":[{"href":"https:\/\/evmobili.com\/fr\/wp-json\/wp\/v2\/media?parent=23"}],"curies":[{"name":"wp","href":"https:\/\/api.w.org\/{rel}","templated":true}]}}