{"id":732,"date":"2025-12-11T18:11:08","date_gmt":"2025-12-11T18:11:08","guid":{"rendered":"https:\/\/evmobili.com\/?post_type=product&#038;p=732"},"modified":"2026-01-07T10:44:47","modified_gmt":"2026-01-07T10:44:47","slug":"royal-kose-takimi-2","status":"publish","type":"product","link":"https:\/\/evmobili.com\/en\/product\/royal-kose-takimi-2\/","title":{"rendered":"Royal K\u00f6\u015fe Tak\u0131m\u0131"},"content":{"rendered":"","protected":false},"excerpt":{"rendered":"","protected":false},"featured_media":482,"comment_status":"open","ping_status":"closed","template":"","meta":[],"product_brand":[33],"product_cat":[21],"product_tag":[],"class_list":{"0":"post-732","1":"product","2":"type-product","3":"status-publish","4":"has-post-thumbnail","6":"product_brand-ucg-home","7":"product_cat-kose-takimi","9":"first","10":"instock","11":"shipping-taxable","12":"product-type-simple"},"_links":{"self":[{"href":"https:\/\/evmobili.com\/en\/wp-json\/wp\/v2\/product\/732","targetHints":{"allow":["GET"]}}],"collection":[{"href":"https:\/\/evmobili.com\/en\/wp-json\/wp\/v2\/product"}],"about":[{"href":"https:\/\/evmobili.com\/en\/wp-json\/wp\/v2\/types\/product"}],"replies":[{"embeddable":true,"href":"https:\/\/evmobili.com\/en\/wp-json\/wp\/v2\/comments?post=732"}],"wp:featuredmedia":[{"embeddable":true,"href":"https:\/\/evmobili.com\/en\/wp-json\/wp\/v2\/media\/482"}],"wp:attachment":[{"href":"https:\/\/evmobili.com\/en\/wp-json\/wp\/v2\/media?parent=732"}],"wp:term":[{"taxonomy":"product_brand","embeddable":true,"href":"https:\/\/evmobili.com\/en\/wp-json\/wp\/v2\/product_brand?post=732"},{"taxonomy":"product_cat","embeddable":true,"href":"https:\/\/evmobili.com\/en\/wp-json\/wp\/v2\/product_cat?post=732"},{"taxonomy":"product_tag","embeddable":true,"href":"https:\/\/evmobili.com\/en\/wp-json\/wp\/v2\/product_tag?post=732"}],"curies":[{"name":"wp","href":"https:\/\/api.w.org\/{rel}","templated":true}]}}