{"id":681,"date":"2025-12-11T18:09:52","date_gmt":"2025-12-11T18:09:52","guid":{"rendered":"https:\/\/evmobili.com\/?post_type=product&#038;p=681"},"modified":"2025-12-27T12:39:19","modified_gmt":"2025-12-27T12:39:19","slug":"luca-yemek-odasi-takimi","status":"publish","type":"product","link":"https:\/\/evmobili.com\/de\/product\/luca-yemek-odasi-takimi\/","title":{"rendered":"Luca Yemek Odas\u0131 Tak\u0131m\u0131"},"content":{"rendered":"","protected":false},"excerpt":{"rendered":"","protected":false},"featured_media":682,"comment_status":"open","ping_status":"closed","template":"","meta":[],"product_brand":[],"product_cat":[23],"product_tag":[],"class_list":{"0":"post-681","1":"product","2":"type-product","3":"status-publish","4":"has-post-thumbnail","6":"product_cat-yemek-odalari","8":"first","9":"instock","10":"shipping-taxable","11":"product-type-simple"},"_links":{"self":[{"href":"https:\/\/evmobili.com\/de\/wp-json\/wp\/v2\/product\/681","targetHints":{"allow":["GET"]}}],"collection":[{"href":"https:\/\/evmobili.com\/de\/wp-json\/wp\/v2\/product"}],"about":[{"href":"https:\/\/evmobili.com\/de\/wp-json\/wp\/v2\/types\/product"}],"replies":[{"embeddable":true,"href":"https:\/\/evmobili.com\/de\/wp-json\/wp\/v2\/comments?post=681"}],"wp:featuredmedia":[{"embeddable":true,"href":"https:\/\/evmobili.com\/de\/wp-json\/wp\/v2\/media\/682"}],"wp:attachment":[{"href":"https:\/\/evmobili.com\/de\/wp-json\/wp\/v2\/media?parent=681"}],"wp:term":[{"taxonomy":"product_brand","embeddable":true,"href":"https:\/\/evmobili.com\/de\/wp-json\/wp\/v2\/product_brand?post=681"},{"taxonomy":"product_cat","embeddable":true,"href":"https:\/\/evmobili.com\/de\/wp-json\/wp\/v2\/product_cat?post=681"},{"taxonomy":"product_tag","embeddable":true,"href":"https:\/\/evmobili.com\/de\/wp-json\/wp\/v2\/product_tag?post=681"}],"curies":[{"name":"wp","href":"https:\/\/api.w.org\/{rel}","templated":true}]}}