{"id":2280,"date":"2025-12-27T12:35:47","date_gmt":"2025-12-27T12:35:47","guid":{"rendered":"https:\/\/evmobili.com\/?post_type=product&#038;p=2280"},"modified":"2025-12-27T12:35:47","modified_gmt":"2025-12-27T12:35:47","slug":"maserati-krem-yemek-odasi-takimi","status":"publish","type":"product","link":"https:\/\/evmobili.com\/de\/product\/maserati-krem-yemek-odasi-takimi\/","title":{"rendered":"Maserati Krem Yemek Odas\u0131 Tak\u0131m\u0131"},"content":{"rendered":"","protected":false},"excerpt":{"rendered":"","protected":false},"featured_media":2285,"comment_status":"open","ping_status":"closed","template":"","meta":[],"product_brand":[43],"product_cat":[23],"product_tag":[],"class_list":{"0":"post-2280","1":"product","2":"type-product","3":"status-publish","4":"has-post-thumbnail","6":"product_brand-tarzi-sanat","7":"product_cat-yemek-odalari","9":"first","10":"instock","11":"shipping-taxable","12":"product-type-simple"},"_links":{"self":[{"href":"https:\/\/evmobili.com\/de\/wp-json\/wp\/v2\/product\/2280","targetHints":{"allow":["GET"]}}],"collection":[{"href":"https:\/\/evmobili.com\/de\/wp-json\/wp\/v2\/product"}],"about":[{"href":"https:\/\/evmobili.com\/de\/wp-json\/wp\/v2\/types\/product"}],"replies":[{"embeddable":true,"href":"https:\/\/evmobili.com\/de\/wp-json\/wp\/v2\/comments?post=2280"}],"wp:featuredmedia":[{"embeddable":true,"href":"https:\/\/evmobili.com\/de\/wp-json\/wp\/v2\/media\/2285"}],"wp:attachment":[{"href":"https:\/\/evmobili.com\/de\/wp-json\/wp\/v2\/media?parent=2280"}],"wp:term":[{"taxonomy":"product_brand","embeddable":true,"href":"https:\/\/evmobili.com\/de\/wp-json\/wp\/v2\/product_brand?post=2280"},{"taxonomy":"product_cat","embeddable":true,"href":"https:\/\/evmobili.com\/de\/wp-json\/wp\/v2\/product_cat?post=2280"},{"taxonomy":"product_tag","embeddable":true,"href":"https:\/\/evmobili.com\/de\/wp-json\/wp\/v2\/product_tag?post=2280"}],"curies":[{"name":"wp","href":"https:\/\/api.w.org\/{rel}","templated":true}]}}