{"id":2093,"date":"2025-12-27T11:08:03","date_gmt":"2025-12-27T11:08:03","guid":{"rendered":"https:\/\/evmobili.com\/?post_type=product&#038;p=2093"},"modified":"2026-01-07T09:47:02","modified_gmt":"2026-01-07T09:47:02","slug":"tigra-kose-takimi","status":"publish","type":"product","link":"https:\/\/evmobili.com\/de\/product\/tigra-kose-takimi\/","title":{"rendered":"Tigra K\u00f6\u015fe Tak\u0131m\u0131"},"content":{"rendered":"","protected":false},"excerpt":{"rendered":"","protected":false},"featured_media":2116,"comment_status":"open","ping_status":"closed","template":"","meta":[],"product_brand":[41],"product_cat":[21],"product_tag":[],"class_list":{"0":"post-2093","1":"product","2":"type-product","3":"status-publish","4":"has-post-thumbnail","6":"product_brand-mimoda","7":"product_cat-kose-takimi","9":"first","10":"instock","11":"shipping-taxable","12":"product-type-simple"},"_links":{"self":[{"href":"https:\/\/evmobili.com\/de\/wp-json\/wp\/v2\/product\/2093","targetHints":{"allow":["GET"]}}],"collection":[{"href":"https:\/\/evmobili.com\/de\/wp-json\/wp\/v2\/product"}],"about":[{"href":"https:\/\/evmobili.com\/de\/wp-json\/wp\/v2\/types\/product"}],"replies":[{"embeddable":true,"href":"https:\/\/evmobili.com\/de\/wp-json\/wp\/v2\/comments?post=2093"}],"wp:featuredmedia":[{"embeddable":true,"href":"https:\/\/evmobili.com\/de\/wp-json\/wp\/v2\/media\/2116"}],"wp:attachment":[{"href":"https:\/\/evmobili.com\/de\/wp-json\/wp\/v2\/media?parent=2093"}],"wp:term":[{"taxonomy":"product_brand","embeddable":true,"href":"https:\/\/evmobili.com\/de\/wp-json\/wp\/v2\/product_brand?post=2093"},{"taxonomy":"product_cat","embeddable":true,"href":"https:\/\/evmobili.com\/de\/wp-json\/wp\/v2\/product_cat?post=2093"},{"taxonomy":"product_tag","embeddable":true,"href":"https:\/\/evmobili.com\/de\/wp-json\/wp\/v2\/product_tag?post=2093"}],"curies":[{"name":"wp","href":"https:\/\/api.w.org\/{rel}","templated":true}]}}