{"id":23,"date":"2025-12-11T14:29:16","date_gmt":"2025-12-11T14:29:16","guid":{"rendered":"https:\/\/evmobili.com\/?page_id=23"},"modified":"2025-12-11T19:59:14","modified_gmt":"2025-12-11T19:59:14","slug":"hakkimizda","status":"publish","type":"page","link":"https:\/\/evmobili.com\/de\/hakkimizda\/","title":{"rendered":"\u00dcber uns"},"content":{"rendered":"<div class=\"wpb-content-wrapper\"><div class=\"vc_row wpb_row vc_row-fluid\"><div class=\"wpb_column vc_column_container vc_col-sm-12\"><div class=\"vc_column-inner\"><div class=\"wpb_wrapper\">\n\t<div class=\"wpb_text_column wpb_content_element wpb_animate_when_almost_visible wpb_fadeIn fadeIn text-larger\" >\n\t\t<div class=\"wpb_wrapper\">\n\t\t\t<h2 style=\"text-align: center;\" data-start=\"827\" data-end=\"1190\">\u00dcBER UNS<\/h2>\n<p style=\"text-align: center;\" data-start=\"827\" data-end=\"1190\">Mit jahrelanger Erfahrung und innovativem Weitblick setzt Ev Mobili seinen Weg fort mit dem Ziel, eine der f\u00fchrenden Marken zu werden, wenn es um Vertrauen, Qualit\u00e4t und \u00c4sthetik in der M\u00f6belbranche geht. Seit dem Tag unserer Gr\u00fcndung haben wir uns das Prinzip zu eigen gemacht, L\u00f6sungen zu entwickeln, die die Lebensr\u00e4ume unserer Kunden funktioneller, stilvoller und komfortabler machen, indem wir ihre Bed\u00fcrfnisse richtig analysieren.<\/p>\n<p style=\"text-align: center;\" data-start=\"1192\" data-end=\"1595\">Als Ev Mobili verbinden wir unsere modern gestalteten Designs mit hohen Produktionsstandards; wir schaffen Produkte, die mit langlebigen Materialien, sorgf\u00e4ltiger Verarbeitung und zeitlosen Akzenten viele Jahre lang Freude bereiten. Die Zufriedenheit unserer Kunden hat f\u00fcr uns stets oberste Priorit\u00e4t, und wir bem\u00fchen uns um einen beruhigenden Service in jeder Phase, vom Pre-Sales bis zum After-Sales.<\/p>\n<p style=\"text-align: center;\" data-start=\"1597\" data-end=\"1961\">Mit einer Struktur, die offen ist f\u00fcr st\u00e4ndige Weiterentwicklung, verfolgen wir aufmerksam die Innovationen des Sektors; wir aktualisieren st\u00e4ndig unsere Produktpalette, indem wir Technologie, Trends und die Erwartungen der Nutzer miteinander verbinden. Unser Expertenteam bei Ev Mobili hat das Ziel, unseren Kunden nicht nur M\u00f6bel, sondern auch einen Lebensstil mit der richtigen Beratung und einem professionellen Ansatz zu bieten.<\/p>\n<p style=\"text-align: center;\" data-start=\"1963\" data-end=\"2186\">Heute sind wir stolz darauf, die Wahl von Tausenden von Kunden zu sein, die nach funktionalen L\u00f6sungen f\u00fcr ihr Zuhause und ihren Arbeitsplatz suchen.<br data-start=\"2073\" data-end=\"2076\" \/>Wir arbeiten weiter daran, jeden Tag mehr Menschen zu erreichen und mehr Lebensr\u00e4ume aufzuwerten.<\/p>\n<h3 style=\"text-align: center;\" data-start=\"2188\" data-end=\"2258\"><strong data-start=\"2188\" data-end=\"2258\">Home Furniture - Wir bringen \u00c4sthetik, Qualit\u00e4t und Vertrauen in Ihre Wohnr\u00e4ume.<\/strong><\/h3>\n\n\t\t<\/div>\n\t<\/div>\n<\/div><\/div><\/div><\/div><div class=\"vc_row wpb_row vc_row-fluid\"><div class=\"wpb_column vc_column_container vc_col-sm-4\"><div class=\"vc_column-inner\"><div class=\"wpb_wrapper\">\n\t<div  class=\"wpb_single_image wpb_content_element vc_align_left wpb_animate_when_almost_visible wpb_fadeInUp fadeInUp\">\n\t\t\n\t\t<figure class=\"wpb_wrapper vc_figure\">\n\t\t\t<div class=\"vc_single_image-wrapper   vc_box_border_grey\"><img loading=\"lazy\" decoding=\"async\" width=\"1600\" height=\"1066\" src=\"https:\/\/evmobili.com\/wp-content\/uploads\/2025\/12\/2024-01-14-31736_copy_20251211205232_1fdcf37d.jpg\" class=\"vc_single_image-img attachment-full\" alt=\"\" title=\"2024-01-14-31736_copy_20251211205232_1fdcf37d.jpg\" srcset=\"https:\/\/evmobili.com\/wp-content\/uploads\/2025\/12\/2024-01-14-31736_copy_20251211205232_1fdcf37d.jpg 1600w, https:\/\/evmobili.com\/wp-content\/uploads\/2025\/12\/2024-01-14-31736_copy_20251211205232_1fdcf37d-150x100.jpg 150w, https:\/\/evmobili.com\/wp-content\/uploads\/2025\/12\/2024-01-14-31736_copy_20251211205232_1fdcf37d-1200x800.jpg 1200w\" sizes=\"auto, (max-width: 1600px) 100vw, 1600px\" \/><\/div>\n\t\t<\/figure>\n\t<\/div>\n<\/div><\/div><\/div><div class=\"wpb_column vc_column_container vc_col-sm-4\"><div class=\"vc_column-inner\"><div class=\"wpb_wrapper\">\n\t<div  class=\"wpb_single_image wpb_content_element vc_align_left wpb_animate_when_almost_visible wpb_fadeInUp fadeInUp\">\n\t\t\n\t\t<figure class=\"wpb_wrapper vc_figure\">\n\t\t\t<div class=\"vc_single_image-wrapper   vc_box_border_grey\"><img loading=\"lazy\" decoding=\"async\" width=\"1600\" height=\"1200\" src=\"https:\/\/evmobili.com\/wp-content\/uploads\/2025\/12\/alba58835_20251211204825_89f9b35a.jpg\" class=\"vc_single_image-img attachment-full\" alt=\"\" title=\"alba58835_20251211204825_89f9b35a.jpg\" srcset=\"https:\/\/evmobili.com\/wp-content\/uploads\/2025\/12\/alba58835_20251211204825_89f9b35a.jpg 1600w, https:\/\/evmobili.com\/wp-content\/uploads\/2025\/12\/alba58835_20251211204825_89f9b35a-150x113.jpg 150w, https:\/\/evmobili.com\/wp-content\/uploads\/2025\/12\/alba58835_20251211204825_89f9b35a-1200x900.jpg 1200w\" sizes=\"auto, (max-width: 1600px) 100vw, 1600px\" \/><\/div>\n\t\t<\/figure>\n\t<\/div>\n<\/div><\/div><\/div><div class=\"wpb_column vc_column_container vc_col-sm-4\"><div class=\"vc_column-inner\"><div class=\"wpb_wrapper\">\n\t<div  class=\"wpb_single_image wpb_content_element vc_align_left wpb_animate_when_almost_visible wpb_fadeInUp fadeInUp\">\n\t\t\n\t\t<figure class=\"wpb_wrapper vc_figure\">\n\t\t\t<div class=\"vc_single_image-wrapper   vc_box_border_grey\"><img loading=\"lazy\" decoding=\"async\" width=\"1600\" height=\"1060\" src=\"https:\/\/evmobili.com\/wp-content\/uploads\/2025\/12\/1__21__20251211204757_8048c2ec.jpg\" class=\"vc_single_image-img attachment-full\" alt=\"\" title=\"1__21__20251211204757_8048c2ec.jpg\" srcset=\"https:\/\/evmobili.com\/wp-content\/uploads\/2025\/12\/1__21__20251211204757_8048c2ec.jpg 1600w, https:\/\/evmobili.com\/wp-content\/uploads\/2025\/12\/1__21__20251211204757_8048c2ec-150x99.jpg 150w, https:\/\/evmobili.com\/wp-content\/uploads\/2025\/12\/1__21__20251211204757_8048c2ec-1200x795.jpg 1200w\" sizes=\"auto, (max-width: 1600px) 100vw, 1600px\" \/><\/div>\n\t\t<\/figure>\n\t<\/div>\n<\/div><\/div><\/div><\/div>\n<\/div>","protected":false},"excerpt":{"rendered":"HAKKIMIZDA Y\u0131llar\u0131n tecr\u00fcbesi ve yenilik\u00e7i vizyonuyla Ev Mobili, mobilya sekt\u00f6r\u00fcnde g\u00fcven, kalite ve estetik denince akla gelen \u00f6nc\u00fc markalardan biri","protected":false},"author":2,"featured_media":0,"parent":0,"menu_order":0,"comment_status":"closed","ping_status":"closed","template":"","meta":{"footnotes":""},"class_list":["post-23","page","type-page","status-publish","hentry"],"_links":{"self":[{"href":"https:\/\/evmobili.com\/de\/wp-json\/wp\/v2\/pages\/23","targetHints":{"allow":["GET"]}}],"collection":[{"href":"https:\/\/evmobili.com\/de\/wp-json\/wp\/v2\/pages"}],"about":[{"href":"https:\/\/evmobili.com\/de\/wp-json\/wp\/v2\/types\/page"}],"author":[{"embeddable":true,"href":"https:\/\/evmobili.com\/de\/wp-json\/wp\/v2\/users\/2"}],"replies":[{"embeddable":true,"href":"https:\/\/evmobili.com\/de\/wp-json\/wp\/v2\/comments?post=23"}],"version-history":[{"count":9,"href":"https:\/\/evmobili.com\/de\/wp-json\/wp\/v2\/pages\/23\/revisions"}],"predecessor-version":[{"id":876,"href":"https:\/\/evmobili.com\/de\/wp-json\/wp\/v2\/pages\/23\/revisions\/876"}],"wp:attachment":[{"href":"https:\/\/evmobili.com\/de\/wp-json\/wp\/v2\/media?parent=23"}],"curies":[{"name":"wp","href":"https:\/\/api.w.org\/{rel}","templated":true}]}}